{"id":58,"date":"2020-05-27T14:15:30","date_gmt":"2020-05-27T14:15:30","guid":{"rendered":"https:\/\/zeltlager-thuine.de\/neu\/?page_id=58"},"modified":"2021-02-01T20:20:47","modified_gmt":"2021-02-01T20:20:47","slug":"2019-2","status":"publish","type":"page","link":"https:\/\/selina.zeltlager-thuine.de\/index.php\/2019-2\/","title":{"rendered":"2019"},"content":{"rendered":"\t\t<div data-elementor-type=\"wp-page\" data-elementor-id=\"58\" class=\"elementor elementor-58\">\n\t\t\t\t\t\t<section class=\"elementor-section elementor-top-section elementor-element elementor-element-04dcea1 elementor-section-boxed elementor-section-height-default elementor-section-height-default\" data-id=\"04dcea1\" data-element_type=\"section\">\n\t\t\t\t\t\t<div class=\"elementor-container elementor-column-gap-default\">\n\t\t\t\t\t<div class=\"elementor-column elementor-col-100 elementor-top-column elementor-element elementor-element-5f28e16\" data-id=\"5f28e16\" data-element_type=\"column\">\n\t\t\t<div class=\"elementor-widget-wrap elementor-element-populated\">\n\t\t\t\t\t\t<div class=\"elementor-element elementor-element-036d80b elementor-widget elementor-widget-heading\" data-id=\"036d80b\" data-element_type=\"widget\" data-widget_type=\"heading.default\">\n\t\t\t\t<div class=\"elementor-widget-container\">\n\t\t\t<h2 class=\"elementor-heading-title elementor-size-default\"><br>Zeltlager vom 06. Juli bis zum 13. Juli 2019 in Hamm bei Hasel\u00fcnne<\/h2>\t\t<\/div>\n\t\t\t\t<\/div>\n\t\t\t\t\t<\/div>\n\t\t<\/div>\n\t\t\t\t\t<\/div>\n\t\t<\/section>\n\t\t\t\t<section class=\"elementor-section elementor-top-section elementor-element elementor-element-9f08ee7 elementor-section-boxed elementor-section-height-default elementor-section-height-default\" data-id=\"9f08ee7\" data-element_type=\"section\">\n\t\t\t\t\t\t<div class=\"elementor-container elementor-column-gap-default\">\n\t\t\t\t\t<div class=\"elementor-column elementor-col-100 elementor-top-column elementor-element elementor-element-d539a8b\" data-id=\"d539a8b\" data-element_type=\"column\">\n\t\t\t<div class=\"elementor-widget-wrap elementor-element-populated\">\n\t\t\t\t\t\t<div class=\"elementor-element elementor-element-b5574df elementor-widget elementor-widget-text-editor\" data-id=\"b5574df\" data-element_type=\"widget\" data-widget_type=\"text-editor.default\">\n\t\t\t\t<div class=\"elementor-widget-container\">\n\t\t\t\t\t\t\t<p><span style=\"color: #000000;\">Am 6. Juli 2019 brachen 82 Kinder nach Hamm (Hasel\u00fcnne) auf, um gemeinsam mit den 28 Gruppenleitern eine tolle Zeltlagerwoche 2019 zu erleben.\u00a0<span style=\"font-size: 14px;\">Begleitet wurde die Gruppe vom &#8222;Fahrrad- Team&#8220; rund um Ludger Gude, welches eine sichere Anreise hervorragend sicherstellte.\u00a0\u00a0<\/span><\/span><\/p>\t\t\t\t\t\t<\/div>\n\t\t\t\t<\/div>\n\t\t\t\t\t<\/div>\n\t\t<\/div>\n\t\t\t\t\t<\/div>\n\t\t<\/section>\n\t\t\t\t<section class=\"elementor-section elementor-top-section elementor-element elementor-element-f11e253 elementor-section-boxed elementor-section-height-default elementor-section-height-default\" data-id=\"f11e253\" data-element_type=\"section\">\n\t\t\t\t\t\t<div class=\"elementor-container elementor-column-gap-default\">\n\t\t\t\t\t<div class=\"elementor-column elementor-col-100 elementor-top-column elementor-element elementor-element-30db3bd\" data-id=\"30db3bd\" data-element_type=\"column\">\n\t\t\t<div class=\"elementor-widget-wrap elementor-element-populated\">\n\t\t\t\t\t\t<div class=\"elementor-element elementor-element-80cddf8 elementor-widget elementor-widget-image\" data-id=\"80cddf8\" data-element_type=\"widget\" data-widget_type=\"image.default\">\n\t\t\t\t<div class=\"elementor-widget-container\">\n\t\t\t\t\t\t\t\t\t\t\t\t\t<img decoding=\"async\" src=\"https:\/\/selina.zeltlager-thuine.de\/wp-content\/uploads\/2021\/01\/zela_2019_Bericht_01.jpg\" title=\"\" alt=\"\" loading=\"lazy\" \/>\t\t\t\t\t\t\t\t\t\t\t\t\t<\/div>\n\t\t\t\t<\/div>\n\t\t\t\t\t<\/div>\n\t\t<\/div>\n\t\t\t\t\t<\/div>\n\t\t<\/section>\n\t\t\t\t<section class=\"elementor-section elementor-top-section elementor-element elementor-element-c5a6474 elementor-section-boxed elementor-section-height-default elementor-section-height-default\" data-id=\"c5a6474\" data-element_type=\"section\">\n\t\t\t\t\t\t<div class=\"elementor-container elementor-column-gap-default\">\n\t\t\t\t\t<div class=\"elementor-column elementor-col-100 elementor-top-column elementor-element elementor-element-e814393\" data-id=\"e814393\" data-element_type=\"column\">\n\t\t\t<div class=\"elementor-widget-wrap elementor-element-populated\">\n\t\t\t\t\t\t<div class=\"elementor-element elementor-element-3624103 elementor-widget elementor-widget-text-editor\" data-id=\"3624103\" data-element_type=\"widget\" data-widget_type=\"text-editor.default\">\n\t\t\t\t<div class=\"elementor-widget-container\">\n\t\t\t\t\t\t\t<p><span style=\"color: #000000;\">Nach dem Beziehen der Zelte startete abends mit der traditionellen Lagerrunde das, von den Gruppenleitern im Voraus herausgearbeitet, Zeltlagerprogramm, welches die ganze Woche \u00fcber allen viel Spa\u00df und Freude bereitete. Das Programm war vielseitig und beinhaltete neben TV-bekannten Spieleshows wie &#8222;Schlag den Gruppenleiter&#8220; oder &#8222;Die perfekte Minute&#8220; auch Sportspiele, sowie die traditionell ber\u00fchmt ber\u00fcchtigte Nachtwanderung.\u00a0<\/span><\/p>\n<p><span style=\"color: #000000;\">Am Sonntag war Pastor H\u00f6ckelmann zu Gast und feierte gemeinsam mit uns die Heilige Messe, welche von Gruppenleiter und Gruppenkindern akribisch mitgestaltet wurde.\u00a0<\/span><\/p>\n<p><span style=\"color: #000000;\">Am Dienstag Abend besuchten uns die Alten Herren aus Thuine, die sich, nach einem exzellenten Abendessen, in der Spieleshow &#8222;Rund um den Ball&#8220; tapfer in Mini-Spielen mit den Gruppenkinder ma\u00dfen. Am Ende konnte das Zeltlager mit einem Herzschlagfinale im letzten Spiel jedoch den Sieg einfahren.\u00a0<\/span><\/p>\n<p><span style=\"color: #000000;\">Am Mittwoch durften wir mit unserem B\u00fcrgermeister Karl-Heinz Gebbe sowie Teilen des Kirchenvorstands weitere G\u00e4ste auf unserem Platz begr\u00fc\u00dfen, die sich allesamt selbst ein Bild vom Lager und der tollen Organisation machen wollten. Im Gep\u00e4ck hatten beide Parteien einen Zuschuss f\u00fcr die Lagerkasse, welcher vom Lagerleiter Klaus M\u00f6ller dankbar entgegengenommen wurde. Ein gro\u00dfer Dank daf\u00fcr!<\/span><\/p>\t\t\t\t\t\t<\/div>\n\t\t\t\t<\/div>\n\t\t\t\t\t<\/div>\n\t\t<\/div>\n\t\t\t\t\t<\/div>\n\t\t<\/section>\n\t\t\t\t<section class=\"elementor-section elementor-top-section elementor-element elementor-element-7f73e11 elementor-section-boxed elementor-section-height-default elementor-section-height-default\" data-id=\"7f73e11\" data-element_type=\"section\">\n\t\t\t\t\t\t<div class=\"elementor-container elementor-column-gap-default\">\n\t\t\t\t\t<div class=\"elementor-column elementor-col-100 elementor-top-column elementor-element elementor-element-c9a5fb7\" data-id=\"c9a5fb7\" data-element_type=\"column\">\n\t\t\t<div class=\"elementor-widget-wrap elementor-element-populated\">\n\t\t\t\t\t\t<div class=\"elementor-element elementor-element-6a19805 elementor-widget elementor-widget-image\" data-id=\"6a19805\" data-element_type=\"widget\" data-widget_type=\"image.default\">\n\t\t\t\t<div class=\"elementor-widget-container\">\n\t\t\t\t\t\t\t\t\t\t\t\t\t<img decoding=\"async\" src=\"https:\/\/selina.zeltlager-thuine.de\/wp-content\/uploads\/2021\/01\/zela_2019_Bericht_02.jpg\" title=\"\" alt=\"\" loading=\"lazy\" \/>\t\t\t\t\t\t\t\t\t\t\t\t\t<\/div>\n\t\t\t\t<\/div>\n\t\t\t\t\t<\/div>\n\t\t<\/div>\n\t\t\t\t\t<\/div>\n\t\t<\/section>\n\t\t\t\t<section class=\"elementor-section elementor-top-section elementor-element elementor-element-b99148e elementor-section-boxed elementor-section-height-default elementor-section-height-default\" data-id=\"b99148e\" data-element_type=\"section\">\n\t\t\t\t\t\t<div class=\"elementor-container elementor-column-gap-default\">\n\t\t\t\t\t<div class=\"elementor-column elementor-col-100 elementor-top-column elementor-element elementor-element-7859317\" data-id=\"7859317\" data-element_type=\"column\">\n\t\t\t<div class=\"elementor-widget-wrap elementor-element-populated\">\n\t\t\t\t\t\t<div class=\"elementor-element elementor-element-90ccacb elementor-widget elementor-widget-text-editor\" data-id=\"90ccacb\" data-element_type=\"widget\" data-widget_type=\"text-editor.default\">\n\t\t\t\t<div class=\"elementor-widget-container\">\n\t\t\t\t\t\t\t<p><span style=\"color: #000000; font-family: Arial, sans-serif; font-size: 14px; font-style: normal; font-variant-ligatures: normal; font-variant-caps: normal; font-weight: 500;\">Verpflegt wurden die Kinder von unserem f\u00fcnfk\u00f6pfigen K\u00fcchenteam, welches f\u00fcr leckeres und abwechslungsreiches Essen sorgte.<\/span><\/p>\t\t\t\t\t\t<\/div>\n\t\t\t\t<\/div>\n\t\t\t\t\t<\/div>\n\t\t<\/div>\n\t\t\t\t\t<\/div>\n\t\t<\/section>\n\t\t\t\t<section class=\"elementor-section elementor-top-section elementor-element elementor-element-97be0f6 elementor-section-boxed elementor-section-height-default elementor-section-height-default\" data-id=\"97be0f6\" data-element_type=\"section\">\n\t\t\t\t\t\t<div class=\"elementor-container elementor-column-gap-default\">\n\t\t\t\t\t<div class=\"elementor-column elementor-col-100 elementor-top-column elementor-element elementor-element-95a9fb2\" data-id=\"95a9fb2\" data-element_type=\"column\">\n\t\t\t<div class=\"elementor-widget-wrap elementor-element-populated\">\n\t\t\t\t\t\t<div class=\"elementor-element elementor-element-b6b4296 elementor-widget elementor-widget-image\" data-id=\"b6b4296\" data-element_type=\"widget\" data-widget_type=\"image.default\">\n\t\t\t\t<div class=\"elementor-widget-container\">\n\t\t\t\t\t\t\t\t\t\t\t\t\t<img decoding=\"async\" src=\"https:\/\/selina.zeltlager-thuine.de\/wp-content\/uploads\/2021\/01\/zela_2019_Bericht_03.jpg\" title=\"\" alt=\"\" loading=\"lazy\" \/>\t\t\t\t\t\t\t\t\t\t\t\t\t<\/div>\n\t\t\t\t<\/div>\n\t\t\t\t\t<\/div>\n\t\t<\/div>\n\t\t\t\t\t<\/div>\n\t\t<\/section>\n\t\t\t\t<section class=\"elementor-section elementor-top-section elementor-element elementor-element-d7114fe elementor-section-boxed elementor-section-height-default elementor-section-height-default\" data-id=\"d7114fe\" data-element_type=\"section\">\n\t\t\t\t\t\t<div class=\"elementor-container elementor-column-gap-default\">\n\t\t\t\t\t<div class=\"elementor-column elementor-col-100 elementor-top-column elementor-element elementor-element-3a8788a\" data-id=\"3a8788a\" data-element_type=\"column\">\n\t\t\t<div class=\"elementor-widget-wrap elementor-element-populated\">\n\t\t\t\t\t\t<div class=\"elementor-element elementor-element-6da5090 elementor-widget elementor-widget-text-editor\" data-id=\"6da5090\" data-element_type=\"widget\" data-widget_type=\"text-editor.default\">\n\t\t\t\t<div class=\"elementor-widget-container\">\n\t\t\t\t\t\t\t<p><span style=\"color: #000000;\">Alles in allem war die Zeltlagerwoche also ein voller Erfolg und so manch einer w\u00e4re sicher gerne noch etwas l\u00e4nger geblieben. Ein besonderer Dank gilt allen am Zeltlager mitwirkenden Personen, ohne dessen Hilfe das Zeltlager in dieser Form nicht h\u00e4tte stattfinden k\u00f6nnen.Vielen Dank!\u00a0<\/span><\/p><p><span style=\"color: #000000;\">Stand: 29.05.2020<\/span><\/p>\t\t\t\t\t\t<\/div>\n\t\t\t\t<\/div>\n\t\t\t\t\t<\/div>\n\t\t<\/div>\n\t\t\t\t\t<\/div>\n\t\t<\/section>\n\t\t\t\t<\/div>\n\t\t","protected":false},"excerpt":{"rendered":"<p>Zeltlager vom 06. Juli bis zum 13. Juli 2019 in Hamm bei Hasel\u00fcnne Am 6. Juli 2019 brachen 82 Kinder nach Hamm (Hasel\u00fcnne) auf, um gemeinsam mit den 28 Gruppenleitern eine tolle Zeltlagerwoche 2019 zu erleben.\u00a0Begleitet wurde die Gruppe vom &#8222;Fahrrad- Team&#8220; rund um Ludger Gude, welches eine sichere Anreise hervorragend sicherstellte.\u00a0\u00a0 Nach dem Beziehen [&hellip;]<\/p>\n","protected":false},"author":1,"featured_media":0,"parent":0,"menu_order":0,"comment_status":"closed","ping_status":"closed","template":"","meta":{"ocean_post_layout":"full-screen","ocean_both_sidebars_style":"","ocean_both_sidebars_content_width":0,"ocean_both_sidebars_sidebars_width":0,"ocean_sidebar":"0","ocean_second_sidebar":"0","ocean_disable_margins":"enable","ocean_add_body_class":"","ocean_shortcode_before_top_bar":"","ocean_shortcode_after_top_bar":"","ocean_shortcode_before_header":"","ocean_shortcode_after_header":"","ocean_has_shortcode":"","ocean_shortcode_after_title":"","ocean_shortcode_before_footer_widgets":"","ocean_shortcode_after_footer_widgets":"","ocean_shortcode_before_footer_bottom":"","ocean_shortcode_after_footer_bottom":"","ocean_display_top_bar":"off","ocean_display_header":"on","ocean_header_style":"","ocean_center_header_left_menu":"0","ocean_custom_header_template":"0","ocean_custom_logo":0,"ocean_custom_retina_logo":0,"ocean_custom_logo_max_width":0,"ocean_custom_logo_tablet_max_width":0,"ocean_custom_logo_mobile_max_width":0,"ocean_custom_logo_max_height":0,"ocean_custom_logo_tablet_max_height":0,"ocean_custom_logo_mobile_max_height":0,"ocean_header_custom_menu":"0","ocean_menu_typo_font_family":"0","ocean_menu_typo_font_subset":"","ocean_menu_typo_font_size":0,"ocean_menu_typo_font_size_tablet":0,"ocean_menu_typo_font_size_mobile":0,"ocean_menu_typo_font_size_unit":"px","ocean_menu_typo_font_weight":"","ocean_menu_typo_font_weight_tablet":"","ocean_menu_typo_font_weight_mobile":"","ocean_menu_typo_transform":"","ocean_menu_typo_transform_tablet":"","ocean_menu_typo_transform_mobile":"","ocean_menu_typo_line_height":0,"ocean_menu_typo_line_height_tablet":0,"ocean_menu_typo_line_height_mobile":0,"ocean_menu_typo_line_height_unit":"","ocean_menu_typo_spacing":0,"ocean_menu_typo_spacing_tablet":0,"ocean_menu_typo_spacing_mobile":0,"ocean_menu_typo_spacing_unit":"","ocean_menu_link_color":"","ocean_menu_link_color_hover":"","ocean_menu_link_color_active":"","ocean_menu_link_background":"","ocean_menu_link_hover_background":"","ocean_menu_link_active_background":"","ocean_menu_social_links_bg":"","ocean_menu_social_hover_links_bg":"","ocean_menu_social_links_color":"","ocean_menu_social_hover_links_color":"","ocean_disable_title":"on","ocean_disable_heading":"default","ocean_post_title":"","ocean_post_subheading":"","ocean_post_title_style":"","ocean_post_title_background_color":"","ocean_post_title_background":0,"ocean_post_title_bg_image_position":"","ocean_post_title_bg_image_attachment":"","ocean_post_title_bg_image_repeat":"","ocean_post_title_bg_image_size":"","ocean_post_title_height":0,"ocean_post_title_bg_overlay":0.5,"ocean_post_title_bg_overlay_color":"","ocean_disable_breadcrumbs":"default","ocean_breadcrumbs_color":"","ocean_breadcrumbs_separator_color":"","ocean_breadcrumbs_links_color":"","ocean_breadcrumbs_links_hover_color":"","ocean_display_footer_widgets":"off","ocean_display_footer_bottom":"off","ocean_custom_footer_template":"0","footnotes":""},"class_list":["post-58","page","type-page","status-publish","hentry","entry"],"_links":{"self":[{"href":"https:\/\/selina.zeltlager-thuine.de\/index.php\/wp-json\/wp\/v2\/pages\/58"}],"collection":[{"href":"https:\/\/selina.zeltlager-thuine.de\/index.php\/wp-json\/wp\/v2\/pages"}],"about":[{"href":"https:\/\/selina.zeltlager-thuine.de\/index.php\/wp-json\/wp\/v2\/types\/page"}],"author":[{"embeddable":true,"href":"https:\/\/selina.zeltlager-thuine.de\/index.php\/wp-json\/wp\/v2\/users\/1"}],"replies":[{"embeddable":true,"href":"https:\/\/selina.zeltlager-thuine.de\/index.php\/wp-json\/wp\/v2\/comments?post=58"}],"version-history":[{"count":23,"href":"https:\/\/selina.zeltlager-thuine.de\/index.php\/wp-json\/wp\/v2\/pages\/58\/revisions"}],"predecessor-version":[{"id":5888,"href":"https:\/\/selina.zeltlager-thuine.de\/index.php\/wp-json\/wp\/v2\/pages\/58\/revisions\/5888"}],"wp:attachment":[{"href":"https:\/\/selina.zeltlager-thuine.de\/index.php\/wp-json\/wp\/v2\/media?parent=58"}],"curies":[{"name":"wp","href":"https:\/\/api.w.org\/{rel}","templated":true}]}}